{"id":94,"date":"2013-02-12T19:21:40","date_gmt":"2013-02-12T19:21:40","guid":{"rendered":"http:\/\/kolaciadesign.cz\/?page_id=94"},"modified":"2026-04-21T15:04:59","modified_gmt":"2026-04-21T15:04:59","slug":"obchodni-podminky","status":"publish","type":"page","link":"http:\/\/kolaciadesign.cz\/index.php\/obchodni-podminky\/","title":{"rendered":"Obchodn\u00ed podm\u00ednky"},"content":{"rendered":"\n<p>V\u0161echny na\u0161e postele jsou k objedn\u00e1n\u00ed u na\u0161ich smluvn\u00edch prodejc\u016f, kdy v sou\u010dasn\u00e9 dob\u011b m\u00e1me v \u010cR cca 100 prodejn\u00edch m\u00edst ve kter\u00fdch m\u00e1me vystavenou okolo 200 ks na\u0161ich vzorov\u00fdch postel\u00ed. <\/p>\n\n\n\n<p>Pokud nebudete v\u011bd\u011bt na kter\u00e9 prodejce se obr\u00e1tit r\u00e1di V\u00e1m porad\u00edme a na prodejce ( prodejnu ) V\u00e1m za\u0161leme kontakt. Na prodejn\u00e1ch jsou k nahl\u00e9dnut\u00ed vzorky mo\u0159en\u00ed ze kter\u00fdch si n\u00e1sledn\u011b vyberete odst\u00edn va\u0161\u00ed postele pop\u0159.si dom\u016f m\u016f\u017eete odn\u00e9st k prozkoum\u00e1n\u00ed n\u00e1\u0161 32 str. katalog postel\u00ed.<\/p>\n\n\n\n<p><\/p>\n\n\n\n<p>Term\u00edny v\u00fdroby postel\u00ed m\u00e1me obvykle 6-8 t\u00fddn\u016f s t\u00edm, \u017ee cca 100 ks postel\u00ed v r\u016fzn\u00fdch typech m\u00e1me neust\u00e1le rozpracovan\u00fdch. U t\u011bchto postel\u00ed je n\u00e1sledn\u011b term\u00edn dod\u00e1n\u00ed krat\u0161\u00ed a to 1-3 t\u00fddny. P\u0159esn\u00e9 typy t\u011bchto rozpracovan\u00fdch postel\u00ed neust\u00e1le aktualizujeme u na\u0161ich smluvn\u00edch prodejen.<\/p>\n\n\n\n<p><\/p>\n\n\n\n<p>D\u011bkuji za V\u00e1\u0161 z\u00e1jem o na\u0161e postele v\u00fdrobn\u00ed \u0159ady KOLACIA DESIGN.<\/p>\n\n\n\n<p>Jsme tu pro V\u00e1s ji\u017e 12 rokem.<\/p>\n\n\n\n<p>Kolacia Petr &#8211; mob.773771432, email:kolaciadesign@email.cz<\/p>\n\n\n<p>KOLACIA DESIGN<\/p>\n\n\n<p><\/p>\n","protected":false},"excerpt":{"rendered":"<p>V\u0161echny na\u0161e postele jsou k objedn\u00e1n\u00ed u na\u0161ich smluvn\u00edch prodejc\u016f, kdy v sou\u010dasn\u00e9 dob\u011b m\u00e1me v \u010cR cca 100 prodejn\u00edch m\u00edst ve kter\u00fdch m\u00e1me vystavenou okolo 200 ks na\u0161ich vzorov\u00fdch postel\u00ed. Pokud nebudete v\u011bd\u011bt na kter\u00e9 prodejce se obr\u00e1tit r\u00e1di V\u00e1m porad\u00edme a na prodejce ( prodejnu ) V\u00e1m za\u0161leme kontakt. Na prodejn\u00e1ch jsou k [&hellip;]<\/p>\n","protected":false},"author":1,"featured_media":0,"parent":0,"menu_order":0,"comment_status":"open","ping_status":"open","template":"","meta":{"footnotes":""},"class_list":["post-94","page","type-page","status-publish","hentry"],"_links":{"self":[{"href":"http:\/\/kolaciadesign.cz\/index.php\/wp-json\/wp\/v2\/pages\/94","targetHints":{"allow":["GET"]}}],"collection":[{"href":"http:\/\/kolaciadesign.cz\/index.php\/wp-json\/wp\/v2\/pages"}],"about":[{"href":"http:\/\/kolaciadesign.cz\/index.php\/wp-json\/wp\/v2\/types\/page"}],"author":[{"embeddable":true,"href":"http:\/\/kolaciadesign.cz\/index.php\/wp-json\/wp\/v2\/users\/1"}],"replies":[{"embeddable":true,"href":"http:\/\/kolaciadesign.cz\/index.php\/wp-json\/wp\/v2\/comments?post=94"}],"version-history":[{"count":10,"href":"http:\/\/kolaciadesign.cz\/index.php\/wp-json\/wp\/v2\/pages\/94\/revisions"}],"predecessor-version":[{"id":2679,"href":"http:\/\/kolaciadesign.cz\/index.php\/wp-json\/wp\/v2\/pages\/94\/revisions\/2679"}],"wp:attachment":[{"href":"http:\/\/kolaciadesign.cz\/index.php\/wp-json\/wp\/v2\/media?parent=94"}],"curies":[{"name":"wp","href":"https:\/\/api.w.org\/{rel}","templated":true}]}}